{"id":1824,"date":"2025-10-29T08:29:11","date_gmt":"2025-10-29T08:29:11","guid":{"rendered":"https:\/\/zeman-recruiting.mediadome.at\/?page_id=1824"},"modified":"2025-10-29T08:37:13","modified_gmt":"2025-10-29T08:37:13","slug":"berufspraktische-tage-schnuppertage","status":"publish","type":"page","link":"https:\/\/zeman-recruiting.mediadome.at\/index.php\/berufspraktische-tage-schnuppertage\/","title":{"rendered":"Berufspraktische Tage &#038; Schnuppertage"},"content":{"rendered":"\t\t<div data-elementor-type=\"wp-page\" data-elementor-id=\"1824\" class=\"elementor elementor-1824\" data-elementor-post-type=\"page\">\n\t\t\t\t\t\t<section class=\"elementor-section elementor-top-section elementor-element elementor-element-6dcf1f74 elementor-section-height-min-height elementor-section-full_width elementor-section-height-default elementor-section-items-middle elementor-invisible\" data-id=\"6dcf1f74\" data-element_type=\"section\" data-settings=\"{&quot;background_background&quot;:&quot;classic&quot;,&quot;animation&quot;:&quot;fadeInLeft&quot;,&quot;animation_delay&quot;:500}\">\n\t\t\t\t\t\t\t<div class=\"elementor-background-overlay\"><\/div>\n\t\t\t\t\t\t\t<div class=\"elementor-container elementor-column-gap-default\">\n\t\t\t\t\t<div class=\"elementor-column elementor-col-50 elementor-top-column elementor-element elementor-element-2991fc10\" data-id=\"2991fc10\" data-element_type=\"column\" data-settings=\"{&quot;background_background&quot;:&quot;classic&quot;}\">\n\t\t\t<div class=\"elementor-widget-wrap elementor-element-populated\">\n\t\t\t\t\t\t<div class=\"elementor-element elementor-element-5beaa59b elementor-widget__width-auto elementor-widget elementor-widget-heading\" data-id=\"5beaa59b\" data-element_type=\"widget\" data-widget_type=\"heading.default\">\n\t\t\t\t<div class=\"elementor-widget-container\">\n\t\t\t\t\t<h1 class=\"elementor-heading-title elementor-size-default\">Berufspraktische Tage &amp; Schnuppertage<\/h1>\t\t\t\t<\/div>\n\t\t\t\t<\/div>\n\t\t\t\t\t<\/div>\n\t\t<\/div>\n\t\t\t\t<div class=\"elementor-column elementor-col-50 elementor-top-column elementor-element elementor-element-4d0ea302 elementor-hidden-mobile\" data-id=\"4d0ea302\" data-element_type=\"column\">\n\t\t\t<div class=\"elementor-widget-wrap\">\n\t\t\t\t\t\t\t<\/div>\n\t\t<\/div>\n\t\t\t\t\t<\/div>\n\t\t<\/section>\n\t\t\t\t<section class=\"elementor-section elementor-top-section elementor-element elementor-element-132e553d elementor-section-content-middle elementor-section-boxed elementor-section-height-default elementor-section-height-default\" data-id=\"132e553d\" data-element_type=\"section\">\n\t\t\t\t\t\t<div class=\"elementor-container elementor-column-gap-default\">\n\t\t\t\t\t<div class=\"elementor-column elementor-col-50 elementor-top-column elementor-element elementor-element-21d98a58\" data-id=\"21d98a58\" data-element_type=\"column\">\n\t\t\t<div class=\"elementor-widget-wrap elementor-element-populated\">\n\t\t\t\t\t\t<div class=\"elementor-element elementor-element-217237e8 elementor-widget elementor-widget-heading\" data-id=\"217237e8\" data-element_type=\"widget\" data-widget_type=\"heading.default\">\n\t\t\t\t<div class=\"elementor-widget-container\">\n\t\t\t\t\t<h2 class=\"elementor-heading-title elementor-size-default\">Unser Angebot<\/h2>\t\t\t\t<\/div>\n\t\t\t\t<\/div>\n\t\t\t\t<div class=\"elementor-element elementor-element-3b4f69db elementor-widget elementor-widget-text-editor\" data-id=\"3b4f69db\" data-element_type=\"widget\" data-widget_type=\"text-editor.default\">\n\t\t\t\t<div class=\"elementor-widget-container\">\n\t\t\t\t\t\t\t\t\t<ul><li>Lerne verschiedene Lehrberufe kennen und erhalte echte Einblicke in unseren Arbeitsalltag.<\/li><li>Begleite unser Team bei spannenden Aufgaben! Wir zeigen dir, wie abwechslungsreich und sinnvoll Arbeit sein kann.<\/li><li>Finde heraus, was zu dir passt: Der Schnuppertag hilft dir, deine Interessen und St\u00e4rken besser einzusch\u00e4tzen und die richtige Berufswahl zu treffen.<\/li><\/ul>\t\t\t\t\t\t\t\t<\/div>\n\t\t\t\t<\/div>\n\t\t\t\t\t<\/div>\n\t\t<\/div>\n\t\t\t\t<div class=\"elementor-column elementor-col-50 elementor-top-column elementor-element elementor-element-5e4f40da\" data-id=\"5e4f40da\" data-element_type=\"column\">\n\t\t\t<div class=\"elementor-widget-wrap elementor-element-populated\">\n\t\t\t\t\t\t<div class=\"elementor-element elementor-element-7bd58209 elementor-widget elementor-widget-image\" data-id=\"7bd58209\" data-element_type=\"widget\" data-widget_type=\"image.default\">\n\t\t\t\t<div class=\"elementor-widget-container\">\n\t\t\t\t\t\t\t\t\t\t\t\t\t\t\t\t<a href=\"#jetztbewerben\">\n\t\t\t\t\t\t\t<img fetchpriority=\"high\" decoding=\"async\" width=\"300\" height=\"280\" src=\"data:image\/gif;base64,R0lGODlhAQABAAAAACH5BAEKAAEALAAAAAABAAEAAAICTAEAOw==\" class=\"attachment-medium size-medium wp-image-652 lazyload\" alt=\"\" sizes=\"(max-width: 300px) 100vw, 300px\" data-src=\"https:\/\/zeman-recruiting.mediadome.at\/wp-content\/uploads\/2022\/02\/join-us-e1645790814414-300x280.png\" data-srcset=\"https:\/\/zeman-recruiting.mediadome.at\/wp-content\/uploads\/2022\/02\/join-us-e1645790814414-300x280.png 300w, https:\/\/zeman-recruiting.mediadome.at\/wp-content\/uploads\/2022\/02\/join-us-e1645790814414.png 500w\">\t\t\t\t\t\t\t\t<\/a>\n\t\t\t\t\t\t\t\t\t\t\t\t\t\t\t<\/div>\n\t\t\t\t<\/div>\n\t\t\t\t\t<\/div>\n\t\t<\/div>\n\t\t\t\t\t<\/div>\n\t\t<\/section>\n\t\t\t\t<section class=\"elementor-section elementor-top-section elementor-element elementor-element-50fbca40 elementor-section-boxed elementor-section-height-default elementor-section-height-default\" data-id=\"50fbca40\" data-element_type=\"section\">\n\t\t\t\t\t\t<div class=\"elementor-container elementor-column-gap-default\">\n\t\t\t\t\t<div class=\"elementor-column elementor-col-50 elementor-top-column elementor-element elementor-element-789a9b7c\" data-id=\"789a9b7c\" data-element_type=\"column\" data-settings=\"{&quot;background_background&quot;:&quot;classic&quot;}\">\n\t\t\t<div class=\"elementor-widget-wrap elementor-element-populated\">\n\t\t\t\t\t\t<div class=\"elementor-element elementor-element-37774820 elementor-widget elementor-widget-spacer\" data-id=\"37774820\" data-element_type=\"widget\" data-widget_type=\"spacer.default\">\n\t\t\t\t<div class=\"elementor-widget-container\">\n\t\t\t\t\t\t\t<div class=\"elementor-spacer\">\n\t\t\t<div class=\"elementor-spacer-inner\"><\/div>\n\t\t<\/div>\n\t\t\t\t\t\t<\/div>\n\t\t\t\t<\/div>\n\t\t\t\t\t<\/div>\n\t\t<\/div>\n\t\t\t\t<div class=\"elementor-column elementor-col-50 elementor-top-column elementor-element elementor-element-2798e1f0\" data-id=\"2798e1f0\" data-element_type=\"column\">\n\t\t\t<div class=\"elementor-widget-wrap elementor-element-populated\">\n\t\t\t\t\t\t<div class=\"elementor-element elementor-element-1269f451 elementor-widget elementor-widget-heading\" data-id=\"1269f451\" data-element_type=\"widget\" data-widget_type=\"heading.default\">\n\t\t\t\t<div class=\"elementor-widget-container\">\n\t\t\t\t\t<h2 class=\"elementor-heading-title elementor-size-default\">Das Bringst du Mit<\/h2>\t\t\t\t<\/div>\n\t\t\t\t<\/div>\n\t\t\t\t<div class=\"elementor-element elementor-element-38bf7eec elementor-widget elementor-widget-text-editor\" data-id=\"38bf7eec\" data-element_type=\"widget\" data-widget_type=\"text-editor.default\">\n\t\t\t\t<div class=\"elementor-widget-container\">\n\t\t\t\t\t\t\t\t\t<ul><li>Motivation und Interesse, Neues zu entdecken<\/li><li>Lernbereitschaft und Neugier<\/li><li>Freude am Ausprobieren<\/li><\/ul>\t\t\t\t\t\t\t\t<\/div>\n\t\t\t\t<\/div>\n\t\t\t\t<div class=\"elementor-element elementor-element-195337c2 elementor-widget elementor-widget-heading\" data-id=\"195337c2\" data-element_type=\"widget\" data-widget_type=\"heading.default\">\n\t\t\t\t<div class=\"elementor-widget-container\">\n\t\t\t\t\t<h2 class=\"elementor-heading-title elementor-size-default\">So geht\u2019s weiter<\/h2>\t\t\t\t<\/div>\n\t\t\t\t<\/div>\n\t\t\t\t<div class=\"elementor-element elementor-element-56a34839 elementor-widget elementor-widget-text-editor\" data-id=\"56a34839\" data-element_type=\"widget\" data-widget_type=\"text-editor.default\">\n\t\t\t\t<div class=\"elementor-widget-container\">\n\t\t\t\t\t\t\t\t\t<p>Wenn du Lust hast, bei uns reinzuschnuppern, schick uns deine vollst\u00e4ndigen Bewerbungsunterlagen.<\/p><p>Wir freuen uns darauf, dich kennenzulernen!<\/p>\t\t\t\t\t\t\t\t<\/div>\n\t\t\t\t<\/div>\n\t\t\t\t<div class=\"elementor-element elementor-element-698396fb elementor-align-center elementor-widget elementor-widget-button\" data-id=\"698396fb\" data-element_type=\"widget\" data-widget_type=\"button.default\">\n\t\t\t\t<div class=\"elementor-widget-container\">\n\t\t\t\t\t\t\t\t\t<div class=\"elementor-button-wrapper\">\n\t\t\t\t\t<a class=\"elementor-button elementor-button-link elementor-size-md\" href=\"#jetztbewerben\">\n\t\t\t\t\t\t<span class=\"elementor-button-content-wrapper\">\n\t\t\t\t\t\t\t\t\t<span class=\"elementor-button-text\">jetzt bewerben<\/span>\n\t\t\t\t\t<\/span>\n\t\t\t\t\t<\/a>\n\t\t\t\t<\/div>\n\t\t\t\t\t\t\t\t<\/div>\n\t\t\t\t<\/div>\n\t\t\t\t\t<\/div>\n\t\t<\/div>\n\t\t\t\t\t<\/div>\n\t\t<\/section>\n\t\t\t\t<section class=\"elementor-section elementor-top-section elementor-element elementor-element-181d9b75 elementor-section-boxed elementor-section-height-default elementor-section-height-default\" data-id=\"181d9b75\" data-element_type=\"section\">\n\t\t\t\t\t\t<div class=\"elementor-container elementor-column-gap-default\">\n\t\t\t\t\t<div class=\"elementor-column elementor-col-100 elementor-top-column elementor-element elementor-element-367e7050\" data-id=\"367e7050\" data-element_type=\"column\">\n\t\t\t<div class=\"elementor-widget-wrap elementor-element-populated\">\n\t\t\t\t\t\t<div class=\"elementor-element elementor-element-4d557f0f elementor-widget elementor-widget-heading\" data-id=\"4d557f0f\" data-element_type=\"widget\" data-widget_type=\"heading.default\">\n\t\t\t\t<div class=\"elementor-widget-container\">\n\t\t\t\t\t<h2 class=\"elementor-heading-title elementor-size-default\">Insights<\/h2>\t\t\t\t<\/div>\n\t\t\t\t<\/div>\n\t\t\t\t<div class=\"elementor-element elementor-element-67e36d63 gallery-spacing-custom animated-slow elementor-invisible elementor-widget elementor-widget-image-gallery\" data-id=\"67e36d63\" data-element_type=\"widget\" data-settings=\"{&quot;_animation&quot;:&quot;zoomIn&quot;}\" data-widget_type=\"image-gallery.default\">\n\t\t\t\t<div class=\"elementor-widget-container\">\n\t\t\t\t\t\t\t<div class=\"elementor-image-gallery\">\n\t\t\t<div id='gallery-1' class='gallery galleryid-1824 gallery-columns-3 gallery-size-full'><figure class='gallery-item'>\n\t\t\t<div class='gallery-icon landscape'>\n\t\t\t\t<img decoding=\"async\" width=\"2560\" height=\"1707\" src=\"data:image\/gif;base64,R0lGODlhAQABAAAAACH5BAEKAAEALAAAAAABAAEAAAICTAEAOw==\" class=\"attachment-full size-full lazyload\" alt=\"\" sizes=\"(max-width: 2560px) 100vw, 2560px\" data-src=\"https:\/\/zeman-recruiting.mediadome.at\/wp-content\/uploads\/2022\/02\/IMG_3660-min-1-scaled.jpg\" data-srcset=\"https:\/\/zeman-recruiting.mediadome.at\/wp-content\/uploads\/2022\/02\/IMG_3660-min-1-scaled.jpg 2560w, https:\/\/zeman-recruiting.mediadome.at\/wp-content\/uploads\/2022\/02\/IMG_3660-min-1-300x200.jpg 300w, https:\/\/zeman-recruiting.mediadome.at\/wp-content\/uploads\/2022\/02\/IMG_3660-min-1-1024x683.jpg 1024w, https:\/\/zeman-recruiting.mediadome.at\/wp-content\/uploads\/2022\/02\/IMG_3660-min-1-768x512.jpg 768w, https:\/\/zeman-recruiting.mediadome.at\/wp-content\/uploads\/2022\/02\/IMG_3660-min-1-1536x1024.jpg 1536w, https:\/\/zeman-recruiting.mediadome.at\/wp-content\/uploads\/2022\/02\/IMG_3660-min-1-2048x1365.jpg 2048w\">\n\t\t\t<\/div><\/figure><figure class='gallery-item'>\n\t\t\t<div class='gallery-icon landscape'>\n\t\t\t\t<img decoding=\"async\" width=\"1920\" height=\"1280\" src=\"data:image\/gif;base64,R0lGODlhAQABAAAAACH5BAEKAAEALAAAAAABAAEAAAICTAEAOw==\" class=\"attachment-full size-full lazyload\" alt=\"\" sizes=\"(max-width: 1920px) 100vw, 1920px\" data-src=\"https:\/\/zeman-recruiting.mediadome.at\/wp-content\/uploads\/2022\/02\/Zeman-32.jpg\" data-srcset=\"https:\/\/zeman-recruiting.mediadome.at\/wp-content\/uploads\/2022\/02\/Zeman-32.jpg 1920w, https:\/\/zeman-recruiting.mediadome.at\/wp-content\/uploads\/2022\/02\/Zeman-32-300x200.jpg 300w, https:\/\/zeman-recruiting.mediadome.at\/wp-content\/uploads\/2022\/02\/Zeman-32-1024x683.jpg 1024w, https:\/\/zeman-recruiting.mediadome.at\/wp-content\/uploads\/2022\/02\/Zeman-32-768x512.jpg 768w, https:\/\/zeman-recruiting.mediadome.at\/wp-content\/uploads\/2022\/02\/Zeman-32-1536x1024.jpg 1536w\">\n\t\t\t<\/div><\/figure><figure class='gallery-item'>\n\t\t\t<div class='gallery-icon landscape'>\n\t\t\t\t<img loading=\"lazy\" decoding=\"async\" width=\"1920\" height=\"1280\" src=\"data:image\/gif;base64,R0lGODlhAQABAAAAACH5BAEKAAEALAAAAAABAAEAAAICTAEAOw==\" class=\"attachment-full size-full lazyload\" alt=\"\" sizes=\"(max-width: 1920px) 100vw, 1920px\" data-src=\"https:\/\/zeman-recruiting.mediadome.at\/wp-content\/uploads\/2022\/02\/Zeman-25.jpg\" data-srcset=\"https:\/\/zeman-recruiting.mediadome.at\/wp-content\/uploads\/2022\/02\/Zeman-25.jpg 1920w, https:\/\/zeman-recruiting.mediadome.at\/wp-content\/uploads\/2022\/02\/Zeman-25-300x200.jpg 300w, https:\/\/zeman-recruiting.mediadome.at\/wp-content\/uploads\/2022\/02\/Zeman-25-1024x683.jpg 1024w, https:\/\/zeman-recruiting.mediadome.at\/wp-content\/uploads\/2022\/02\/Zeman-25-768x512.jpg 768w, https:\/\/zeman-recruiting.mediadome.at\/wp-content\/uploads\/2022\/02\/Zeman-25-1536x1024.jpg 1536w\">\n\t\t\t<\/div><\/figure><figure class='gallery-item'>\n\t\t\t<div class='gallery-icon landscape'>\n\t\t\t\t<img loading=\"lazy\" decoding=\"async\" width=\"1920\" height=\"1280\" src=\"data:image\/gif;base64,R0lGODlhAQABAAAAACH5BAEKAAEALAAAAAABAAEAAAICTAEAOw==\" class=\"attachment-full size-full lazyload\" alt=\"\" sizes=\"(max-width: 1920px) 100vw, 1920px\" data-src=\"https:\/\/zeman-recruiting.mediadome.at\/wp-content\/uploads\/2022\/02\/Zeman-43.jpg\" data-srcset=\"https:\/\/zeman-recruiting.mediadome.at\/wp-content\/uploads\/2022\/02\/Zeman-43.jpg 1920w, https:\/\/zeman-recruiting.mediadome.at\/wp-content\/uploads\/2022\/02\/Zeman-43-300x200.jpg 300w, https:\/\/zeman-recruiting.mediadome.at\/wp-content\/uploads\/2022\/02\/Zeman-43-1024x683.jpg 1024w, https:\/\/zeman-recruiting.mediadome.at\/wp-content\/uploads\/2022\/02\/Zeman-43-768x512.jpg 768w, https:\/\/zeman-recruiting.mediadome.at\/wp-content\/uploads\/2022\/02\/Zeman-43-1536x1024.jpg 1536w\">\n\t\t\t<\/div><\/figure><figure class='gallery-item'>\n\t\t\t<div class='gallery-icon landscape'>\n\t\t\t\t<img loading=\"lazy\" decoding=\"async\" width=\"1920\" height=\"1280\" src=\"data:image\/gif;base64,R0lGODlhAQABAAAAACH5BAEKAAEALAAAAAABAAEAAAICTAEAOw==\" class=\"attachment-full size-full lazyload\" alt=\"\" sizes=\"(max-width: 1920px) 100vw, 1920px\" data-src=\"https:\/\/zeman-recruiting.mediadome.at\/wp-content\/uploads\/2022\/02\/Zeman-38.jpg\" data-srcset=\"https:\/\/zeman-recruiting.mediadome.at\/wp-content\/uploads\/2022\/02\/Zeman-38.jpg 1920w, https:\/\/zeman-recruiting.mediadome.at\/wp-content\/uploads\/2022\/02\/Zeman-38-300x200.jpg 300w, https:\/\/zeman-recruiting.mediadome.at\/wp-content\/uploads\/2022\/02\/Zeman-38-1024x683.jpg 1024w, https:\/\/zeman-recruiting.mediadome.at\/wp-content\/uploads\/2022\/02\/Zeman-38-768x512.jpg 768w, https:\/\/zeman-recruiting.mediadome.at\/wp-content\/uploads\/2022\/02\/Zeman-38-1536x1024.jpg 1536w\">\n\t\t\t<\/div><\/figure>\n\t\t<\/div>\n\t\t<\/div>\n\t\t\t\t\t\t<\/div>\n\t\t\t\t<\/div>\n\t\t\t\t\t<\/div>\n\t\t<\/div>\n\t\t\t\t\t<\/div>\n\t\t<\/section>\n\t\t\t\t<section class=\"elementor-section elementor-top-section elementor-element elementor-element-62fa86a2 elementor-section-boxed elementor-section-height-default elementor-section-height-default\" data-id=\"62fa86a2\" data-element_type=\"section\">\n\t\t\t\t\t\t<div class=\"elementor-container elementor-column-gap-default\">\n\t\t\t\t\t<div class=\"elementor-column elementor-col-100 elementor-top-column elementor-element elementor-element-63dfa097\" data-id=\"63dfa097\" data-element_type=\"column\">\n\t\t\t<div class=\"elementor-widget-wrap elementor-element-populated\">\n\t\t\t\t\t\t<div class=\"elementor-element elementor-element-1651908 elementor-widget elementor-widget-heading\" data-id=\"1651908\" data-element_type=\"widget\" id=\"jetztbewerben\" data-widget_type=\"heading.default\">\n\t\t\t\t<div class=\"elementor-widget-container\">\n\t\t\t\t\t<h2 class=\"elementor-heading-title elementor-size-default\">Bewerbung<\/h2>\t\t\t\t<\/div>\n\t\t\t\t<\/div>\n\t\t\t\t<div class=\"elementor-element elementor-element-39f58c1c elementor-button-align-stretch elementor-widget elementor-widget-form\" data-id=\"39f58c1c\" data-element_type=\"widget\" data-settings=\"{&quot;step_next_label&quot;:&quot;Next&quot;,&quot;step_previous_label&quot;:&quot;Previous&quot;,&quot;button_width&quot;:&quot;100&quot;,&quot;step_type&quot;:&quot;number_text&quot;,&quot;step_icon_shape&quot;:&quot;circle&quot;}\" data-widget_type=\"form.default\">\n\t\t\t\t<div class=\"elementor-widget-container\">\n\t\t\t\t\t\t\t<form class=\"elementor-form\" method=\"post\" name=\"New Form\" aria-label=\"New Form\">\n\t\t\t<input type=\"hidden\" name=\"post_id\" value=\"1824\"\/>\n\t\t\t<input type=\"hidden\" name=\"form_id\" value=\"39f58c1c\"\/>\n\t\t\t<input type=\"hidden\" name=\"referer_title\" value=\"Berufspraktische Tage &amp; Schnuppertage - Zeman\" \/>\n\n\t\t\t\t\t\t\t<input type=\"hidden\" name=\"queried_id\" value=\"1824\"\/>\n\t\t\t\n\t\t\t<div class=\"elementor-form-fields-wrapper elementor-labels-above\">\n\t\t\t\t\t\t\t\t<div class=\"elementor-field-type-text elementor-field-group elementor-column elementor-field-group-name elementor-col-50\">\n\t\t\t\t\t\t\t\t\t\t\t\t<label for=\"form-field-name\" class=\"elementor-field-label\">\n\t\t\t\t\t\t\t\tVorname\t\t\t\t\t\t\t<\/label>\n\t\t\t\t\t\t\t\t\t\t\t\t\t\t<input size=\"1\" type=\"text\" name=\"form_fields[name]\" id=\"form-field-name\" class=\"elementor-field elementor-size-sm  elementor-field-textual\" placeholder=\"Vorname\">\n\t\t\t\t\t\t\t\t\t\t\t<\/div>\n\t\t\t\t\t\t\t\t<div class=\"elementor-field-type-text elementor-field-group elementor-column elementor-field-group-field_2b6a2e9 elementor-col-50\">\n\t\t\t\t\t\t\t\t\t\t\t\t<label for=\"form-field-field_2b6a2e9\" class=\"elementor-field-label\">\n\t\t\t\t\t\t\t\tNachname\t\t\t\t\t\t\t<\/label>\n\t\t\t\t\t\t\t\t\t\t\t\t\t\t<input size=\"1\" type=\"text\" name=\"form_fields[field_2b6a2e9]\" id=\"form-field-field_2b6a2e9\" class=\"elementor-field elementor-size-sm  elementor-field-textual\" placeholder=\"Nachname\">\n\t\t\t\t\t\t\t\t\t\t\t<\/div>\n\t\t\t\t\t\t\t\t<div class=\"elementor-field-type-email elementor-field-group elementor-column elementor-field-group-email elementor-col-100 elementor-field-required elementor-mark-required\">\n\t\t\t\t\t\t\t\t\t\t\t\t<label for=\"form-field-email\" class=\"elementor-field-label\">\n\t\t\t\t\t\t\t\tE-Mail Adresse\t\t\t\t\t\t\t<\/label>\n\t\t\t\t\t\t\t\t\t\t\t\t\t\t<input size=\"1\" type=\"email\" name=\"form_fields[email]\" id=\"form-field-email\" class=\"elementor-field elementor-size-sm  elementor-field-textual\" placeholder=\"E-Mail Adresse\" required=\"required\">\n\t\t\t\t\t\t\t\t\t\t\t<\/div>\n\t\t\t\t\t\t\t\t<div class=\"elementor-field-type-tel elementor-field-group elementor-column elementor-field-group-field_1cbdfee elementor-col-50\">\n\t\t\t\t\t\t\t\t\t\t\t\t<label for=\"form-field-field_1cbdfee\" class=\"elementor-field-label\">\n\t\t\t\t\t\t\t\tTelefonnummer\t\t\t\t\t\t\t<\/label>\n\t\t\t\t\t\t\t\t<input size=\"1\" type=\"tel\" name=\"form_fields[field_1cbdfee]\" id=\"form-field-field_1cbdfee\" class=\"elementor-field elementor-size-sm  elementor-field-textual\" placeholder=\"Telefonnummer\" pattern=\"[0-9()#&amp;+*-=.]+\" title=\"Nur Nummern oder Telefon-Zeichen (#, -, *, etc) werden akzeptiert.\">\n\n\t\t\t\t\t\t<\/div>\n\t\t\t\t\t\t\t\t<div class=\"elementor-field-type-text elementor-field-group elementor-column elementor-field-group-field_5552ed3 elementor-col-50\">\n\t\t\t\t\t\t\t\t\t\t\t\t<label for=\"form-field-field_5552ed3\" class=\"elementor-field-label\">\n\t\t\t\t\t\t\t\tStra\u00dfe und Hausnummer\t\t\t\t\t\t\t<\/label>\n\t\t\t\t\t\t\t\t\t\t\t\t\t\t<input size=\"1\" type=\"text\" name=\"form_fields[field_5552ed3]\" id=\"form-field-field_5552ed3\" class=\"elementor-field elementor-size-sm  elementor-field-textual\" placeholder=\"Stra\u00dfe und Hausnummer\">\n\t\t\t\t\t\t\t\t\t\t\t<\/div>\n\t\t\t\t\t\t\t\t<div class=\"elementor-field-type-text elementor-field-group elementor-column elementor-field-group-field_56c7bec elementor-col-33\">\n\t\t\t\t\t\t\t\t\t\t\t\t<label for=\"form-field-field_56c7bec\" class=\"elementor-field-label\">\n\t\t\t\t\t\t\t\tPLZ\t\t\t\t\t\t\t<\/label>\n\t\t\t\t\t\t\t\t\t\t\t\t\t\t<input size=\"1\" type=\"text\" name=\"form_fields[field_56c7bec]\" id=\"form-field-field_56c7bec\" class=\"elementor-field elementor-size-sm  elementor-field-textual\" placeholder=\"PLZ\">\n\t\t\t\t\t\t\t\t\t\t\t<\/div>\n\t\t\t\t\t\t\t\t<div class=\"elementor-field-type-text elementor-field-group elementor-column elementor-field-group-field_9eb1d3a elementor-col-66\">\n\t\t\t\t\t\t\t\t\t\t\t\t<label for=\"form-field-field_9eb1d3a\" class=\"elementor-field-label\">\n\t\t\t\t\t\t\t\tWohnort\t\t\t\t\t\t\t<\/label>\n\t\t\t\t\t\t\t\t\t\t\t\t\t\t<input size=\"1\" type=\"text\" name=\"form_fields[field_9eb1d3a]\" id=\"form-field-field_9eb1d3a\" class=\"elementor-field elementor-size-sm  elementor-field-textual\" placeholder=\"Wohnort\">\n\t\t\t\t\t\t\t\t\t\t\t<\/div>\n\t\t\t\t\t\t\t\t<div class=\"elementor-field-type-select elementor-field-group elementor-column elementor-field-group-field_34da09f elementor-col-100 elementor-field-required elementor-mark-required\">\n\t\t\t\t\t\t\t\t\t\t\t\t<label for=\"form-field-field_34da09f\" class=\"elementor-field-label\">\n\t\t\t\t\t\t\t\tJob\t\t\t\t\t\t\t<\/label>\n\t\t\t\t\t\t\t\t<div class=\"elementor-field elementor-select-wrapper remove-before \">\n\t\t\t<div class=\"select-caret-down-wrapper\">\n\t\t\t\t<i aria-hidden=\"true\" class=\"eicon-caret-down\"><\/i>\t\t\t<\/div>\n\t\t\t<select name=\"form_fields[field_34da09f]\" id=\"form-field-field_34da09f\" class=\"elementor-field-textual elementor-size-sm\" required=\"required\">\n\t\t\t\t\t\t\t\t\t<option value=\"berufspraktische Tage\/Schnuppertage\">berufspraktische Tage\/Schnuppertage<\/option>\n\t\t\t\t\t\t\t<\/select>\n\t\t<\/div>\n\t\t\t\t\t\t<\/div>\n\t\t\t\t\t\t\t\t<div class=\"elementor-field-type-upload elementor-field-group elementor-column elementor-field-group-field_2409702 elementor-col-100 elementor-field-required elementor-mark-required\">\n\t\t\t\t\t\t\t\t\t\t\t\t<label for=\"form-field-field_2409702\" class=\"elementor-field-label\">\n\t\t\t\t\t\t\t\tLebenslauf \t\t\t\t\t\t\t<\/label>\n\t\t\t\t\t\t\t\t<input type=\"file\" name=\"form_fields[field_2409702]\" id=\"form-field-field_2409702\" class=\"elementor-field elementor-size-sm  elementor-upload-field\" required=\"required\" data-maxsize=\"2\" data-maxsize-message=\"Diese Datei \u00fcbersteigt die maximale Dateigr\u00f6\u00dfe.\">\n\n\t\t\t\t\t\t<\/div>\n\t\t\t\t\t\t\t\t<div class=\"elementor-field-type-acceptance elementor-field-group elementor-column elementor-field-group-field_9996b8c elementor-col-100 elementor-field-required elementor-mark-required\">\n\t\t\t\t\t\t\t<div class=\"elementor-field-subgroup\">\n\t\t\t<span class=\"elementor-field-option\">\n\t\t\t\t<input type=\"checkbox\" name=\"form_fields[field_9996b8c]\" id=\"form-field-field_9996b8c\" class=\"elementor-field elementor-size-sm  elementor-acceptance-field\" required=\"required\">\n\t\t\t\t<label for=\"form-field-field_9996b8c\">Ich habe die Datenschutzerkl\u00e4rung gelesen und akzeptiert. <a style=\"color: #A6192E;\" href=\"https:\/\/zeman-recruiting.mediadome.at\/wp-content\/uploads\/2023\/03\/Datenschutzerklaerung-Bewerber_Zeman_.pdf\" target=\"_blank\">Link zur Datenschutzerkl\u00e4rung<\/a><\/label>\t\t\t<\/span>\n\t\t<\/div>\n\t\t\t\t\t\t<\/div>\n\t\t\t\t\t\t\t\t<div class=\"elementor-field-group elementor-column elementor-field-type-submit elementor-col-100 e-form__buttons\">\n\t\t\t\t\t<button class=\"elementor-button elementor-size-md\" type=\"submit\">\n\t\t\t\t\t\t<span class=\"elementor-button-content-wrapper\">\n\t\t\t\t\t\t\t\t\t\t\t\t\t\t\t\t\t\t\t\t\t\t<span class=\"elementor-button-text\">Abschicken<\/span>\n\t\t\t\t\t\t\t\t\t\t\t\t\t<\/span>\n\t\t\t\t\t<\/button>\n\t\t\t\t<\/div>\n\t\t\t<\/div>\n\t\t<\/form>\n\t\t\t\t\t\t<\/div>\n\t\t\t\t<\/div>\n\t\t\t\t\t<\/div>\n\t\t<\/div>\n\t\t\t\t\t<\/div>\n\t\t<\/section>\n\t\t\t\t<\/div>\n\t\t","protected":false},"excerpt":{"rendered":"<p>Berufspraktische Tage &#038; Schnuppertage Unser Angebot Lerne verschiedene Lehrberufe kennen und erhalte echte Einblicke in unseren Arbeitsalltag. Begleite unser Team bei spannenden Aufgaben! Wir zeigen dir, wie abwechslungsreich und sinnvoll Arbeit sein kann. Finde heraus, was zu dir passt: Der Schnuppertag hilft dir, deine Interessen und St\u00e4rken besser einzusch\u00e4tzen und die richtige Berufswahl zu treffen. [&hellip;]<\/p>\n","protected":false},"author":1,"featured_media":0,"parent":0,"menu_order":0,"comment_status":"closed","ping_status":"closed","template":"","meta":{"footnotes":""},"class_list":["post-1824","page","type-page","status-publish","hentry"],"_links":{"self":[{"href":"https:\/\/zeman-recruiting.mediadome.at\/index.php\/wp-json\/wp\/v2\/pages\/1824","targetHints":{"allow":["GET"]}}],"collection":[{"href":"https:\/\/zeman-recruiting.mediadome.at\/index.php\/wp-json\/wp\/v2\/pages"}],"about":[{"href":"https:\/\/zeman-recruiting.mediadome.at\/index.php\/wp-json\/wp\/v2\/types\/page"}],"author":[{"embeddable":true,"href":"https:\/\/zeman-recruiting.mediadome.at\/index.php\/wp-json\/wp\/v2\/users\/1"}],"replies":[{"embeddable":true,"href":"https:\/\/zeman-recruiting.mediadome.at\/index.php\/wp-json\/wp\/v2\/comments?post=1824"}],"version-history":[{"count":4,"href":"https:\/\/zeman-recruiting.mediadome.at\/index.php\/wp-json\/wp\/v2\/pages\/1824\/revisions"}],"predecessor-version":[{"id":1834,"href":"https:\/\/zeman-recruiting.mediadome.at\/index.php\/wp-json\/wp\/v2\/pages\/1824\/revisions\/1834"}],"wp:attachment":[{"href":"https:\/\/zeman-recruiting.mediadome.at\/index.php\/wp-json\/wp\/v2\/media?parent=1824"}],"curies":[{"name":"wp","href":"https:\/\/api.w.org\/{rel}","templated":true}]}}